{"id":278,"date":"2023-10-24T14:39:35","date_gmt":"2023-10-24T14:39:35","guid":{"rendered":"https:\/\/kroeger-gartenbau.de\/?page_id=278"},"modified":"2023-11-14T06:39:39","modified_gmt":"2023-11-14T06:39:39","slug":"beetundbalkon","status":"publish","type":"page","link":"https:\/\/kroeger-gartenbau.de\/index.php\/beetundbalkon\/","title":{"rendered":"Beet- und Balkonjungpflanzen"},"content":{"rendered":"<section class=\"wpb-content-wrapper\"><p>[vc_row][vc_column width=&#8220;1\/2&#8243;]<div id=\"sc_title_577189558\"\r\n\t\tclass=\"sc_title color_style_default sc_title_default\"><h2 class=\"sc_item_title sc_title_title sc_align_left sc_item_title_style_default sc_item_title_tag\">Syngenta Partnerschaft<\/h2><\/div><!-- \/.sc_title -->[vc_column_text]<\/p>\n<p style=\"text-align: right;\">Wir sehen uns als Partner von Gartenbaubetrieben und Gartencentern. Unsere Kompetenz ist der Anbau von Topfpflanzen, Stauden und die Produktion von Jungpflanzen. Dabei haben wir uns auf ein bestimmtes Sortiment spezialisiert.<\/p>\n<p style=\"text-align: right;\">Um unseren Kunden eine umfangreiche Versorgung mit Jungpflanzen zu gew\u00e4hrleisten haben wir unser Angebot um die Vertriebspartnerschaft mit der Syngenta Flowers erweitert.<\/p>\n<p style=\"text-align: right;\">Syngenta konzentriert sich auf eine zuverl\u00e4ssige Lieferung erstklassiger Produkte von bester Qualit\u00e4t an seine Kunden. Die unabh\u00e4ngigen lizenzierten Root- und Sell-Standorte sowie die regionalen Rooting-Standorte bew\u00e4hren sich seit Jahrzehnten.<\/p>\n<p style=\"text-align: right;\">Dies wird durch mehr als 150 Jahre Erfahrung auf dem Blumenmarkt in Verbindung mit konzipierter Lieferkette sowie den St\u00e4rken in Forschung und Entwicklung unterst\u00fctzt.<\/p>\n<p style=\"text-align: right;\">Kr\u00f6ger Gartenbau vertreten durch Andreas Kr\u00f6ger ist Sales Representative \/ Vertriebspartner f\u00fcr die Regionen Hamburg, Bremen, Schleswig Holstein, Mecklenburg Vorpommern.<\/p>\n<p>[\/vc_column_text][\/vc_column][vc_column width=&#8220;1\/2&#8243;][vc_gallery interval=&#8220;3&#8243; images=&#8220;333,154,122,339,197,336&#8243; img_size=&#8220;large&#8220;][\/vc_column][\/vc_row]<\/p>\n<\/section>","protected":false},"excerpt":{"rendered":"<p>[vc_row][vc_column width=&#8220;1\/2&#8243;][vc_column_text] Wir sehen uns als Partner von Gartenbaubetrieben und Gartencentern. Unsere Kompetenz ist der Anbau von Topfpflanzen, Stauden und die Produktion von Jungpflanzen. Dabei haben wir uns auf ein&hellip;<\/p>\n","protected":false},"author":1,"featured_media":0,"parent":0,"menu_order":0,"comment_status":"closed","ping_status":"closed","template":"","meta":{"footnotes":""},"class_list":["post-278","page","type-page","status-publish","hentry"],"_links":{"self":[{"href":"https:\/\/kroeger-gartenbau.de\/index.php\/wp-json\/wp\/v2\/pages\/278","targetHints":{"allow":["GET"]}}],"collection":[{"href":"https:\/\/kroeger-gartenbau.de\/index.php\/wp-json\/wp\/v2\/pages"}],"about":[{"href":"https:\/\/kroeger-gartenbau.de\/index.php\/wp-json\/wp\/v2\/types\/page"}],"author":[{"embeddable":true,"href":"https:\/\/kroeger-gartenbau.de\/index.php\/wp-json\/wp\/v2\/users\/1"}],"replies":[{"embeddable":true,"href":"https:\/\/kroeger-gartenbau.de\/index.php\/wp-json\/wp\/v2\/comments?post=278"}],"version-history":[{"count":12,"href":"https:\/\/kroeger-gartenbau.de\/index.php\/wp-json\/wp\/v2\/pages\/278\/revisions"}],"predecessor-version":[{"id":369,"href":"https:\/\/kroeger-gartenbau.de\/index.php\/wp-json\/wp\/v2\/pages\/278\/revisions\/369"}],"wp:attachment":[{"href":"https:\/\/kroeger-gartenbau.de\/index.php\/wp-json\/wp\/v2\/media?parent=278"}],"curies":[{"name":"wp","href":"https:\/\/api.w.org\/{rel}","templated":true}]}}