{"id":280,"date":"2023-10-24T14:40:21","date_gmt":"2023-10-24T14:40:21","guid":{"rendered":"https:\/\/kroeger-gartenbau.de\/?page_id=280"},"modified":"2023-11-14T06:30:06","modified_gmt":"2023-11-14T06:30:06","slug":"gemuesejungpflanzen","status":"publish","type":"page","link":"https:\/\/kroeger-gartenbau.de\/index.php\/gemuesejungpflanzen\/","title":{"rendered":"Gem\u00fcsejungpflanzen"},"content":{"rendered":"<section class=\"wpb-content-wrapper\"><p>[vc_row][vc_column width=&#8220;1\/2&#8243;]<div id=\"sc_title_768491171\"\r\n\t\tclass=\"sc_title color_style_default sc_title_default\"><h2 class=\"sc_item_title sc_title_title sc_align_left sc_item_title_style_default sc_item_title_tag\">Vertriebspartnerschaft mit L\u00fcske Jungpflanzen<\/h2><\/div><!-- \/.sc_title -->[vc_column_text]<\/p>\n<p style=\"text-align: right;\">Seit 2021 sind wir Vertriebspartner der Jungpflanzen L\u00fcske GbR f\u00fcr den norddeutschen Raum.<br \/>\nUnsere Kunden sind Gartenbaubetriebe, Wochenmarktbeschicker und Wiederverk\u00e4ufer.<br \/>\nWir b\u00fcndeln damit unsere langj\u00e4hrige Erfahrung mit dem Gem\u00fcsejungpflanzensortiment der Firma L\u00fcske.<\/p>\n<p style=\"text-align: right;\">Sie als Kunde partizipieren damit von der Optimierung von Vertriebs- und Lieferwegen.<br \/>\nDie Gem\u00fcsejungpflanzen werden in Erdpresst\u00f6pfen auf Pfandkisten ausgeliefert. Damit entsteht kein Kunststoffabfall und wir leisten unseren Beitrag zur Reduzierung von Plastikm\u00fcll.[\/vc_column_text][\/vc_column][vc_column width=&#8220;1\/2&#8243;][vc_gallery interval=&#8220;3&#8243; images=&#8220;314,313&#8243; img_size=&#8220;large&#8220;][\/vc_column][\/vc_row]<\/p>\n<\/section>","protected":false},"excerpt":{"rendered":"<p>[vc_row][vc_column width=&#8220;1\/2&#8243;][vc_column_text] Seit 2021 sind wir Vertriebspartner der Jungpflanzen L\u00fcske GbR f\u00fcr den norddeutschen Raum. Unsere Kunden sind Gartenbaubetriebe, Wochenmarktbeschicker und Wiederverk\u00e4ufer. Wir b\u00fcndeln damit unsere langj\u00e4hrige Erfahrung mit dem&hellip;<\/p>\n","protected":false},"author":1,"featured_media":0,"parent":0,"menu_order":0,"comment_status":"closed","ping_status":"closed","template":"","meta":{"footnotes":""},"class_list":["post-280","page","type-page","status-publish","hentry"],"_links":{"self":[{"href":"https:\/\/kroeger-gartenbau.de\/index.php\/wp-json\/wp\/v2\/pages\/280","targetHints":{"allow":["GET"]}}],"collection":[{"href":"https:\/\/kroeger-gartenbau.de\/index.php\/wp-json\/wp\/v2\/pages"}],"about":[{"href":"https:\/\/kroeger-gartenbau.de\/index.php\/wp-json\/wp\/v2\/types\/page"}],"author":[{"embeddable":true,"href":"https:\/\/kroeger-gartenbau.de\/index.php\/wp-json\/wp\/v2\/users\/1"}],"replies":[{"embeddable":true,"href":"https:\/\/kroeger-gartenbau.de\/index.php\/wp-json\/wp\/v2\/comments?post=280"}],"version-history":[{"count":9,"href":"https:\/\/kroeger-gartenbau.de\/index.php\/wp-json\/wp\/v2\/pages\/280\/revisions"}],"predecessor-version":[{"id":364,"href":"https:\/\/kroeger-gartenbau.de\/index.php\/wp-json\/wp\/v2\/pages\/280\/revisions\/364"}],"wp:attachment":[{"href":"https:\/\/kroeger-gartenbau.de\/index.php\/wp-json\/wp\/v2\/media?parent=280"}],"curies":[{"name":"wp","href":"https:\/\/api.w.org\/{rel}","templated":true}]}}