{"id":46,"date":"2017-08-14T12:34:15","date_gmt":"2017-08-14T12:34:15","guid":{"rendered":"https:\/\/kroeger-gartenbau.de\/index.php\/our-services\/"},"modified":"2023-11-07T20:40:52","modified_gmt":"2023-11-07T20:40:52","slug":"sortiment","status":"publish","type":"page","link":"https:\/\/kroeger-gartenbau.de\/index.php\/sortiment\/","title":{"rendered":"Unser Sortiment"},"content":{"rendered":"<section class=\"wpb-content-wrapper\"><p>[vc_row][vc_column][vc_empty_space height=&#8220;4.35em&#8220; alter_height=&#8220;none&#8220; hide_on_mobile=&#8220;&#8220;][vc_empty_space height=&#8220;4.35em&#8220; alter_height=&#8220;none&#8220; hide_on_mobile=&#8220;1,3,2&#8243;][\/vc_column][\/vc_row][vc_row][vc_column offset=&#8220;vc_col-lg-6 vc_col-xs-12&#8243;][vc_single_image image=&#8220;206&#8243; img_size=&#8220;full&#8220; alignment=&#8220;center&#8220;][vc_empty_space height=&#8220;3.7em&#8220; alter_height=&#8220;none&#8220; hide_on_mobile=&#8220;&#8220;][vc_empty_space height=&#8220;3.7em&#8220; alter_height=&#8220;none&#8220; hide_on_mobile=&#8220;1,3,2&#8243;]<div id=\"sc_content_865545950\"\r\n\t\tclass=\"sc_content color_style_default sc_content_default sc_content_width_80p sc_float_right sc_align_right custom_align_left\"><div class=\"sc_content_container\"><div id=\"sc_title_1424461562\"\r\n\t\tclass=\"sc_title color_style_default sc_title_default\"><h3 class=\"sc_item_title sc_title_title sc_align_left sc_item_title_style_default\">unser Sortiment unsere Leidenschaft<\/h3><\/div><!-- \/.sc_title -->[vc_empty_space height=&#8220;3.3em&#8220; alter_height=&#8220;none&#8220; hide_on_mobile=&#8220;&#8220;]<div id=\"sc_icons_837311194\" \n\tclass=\"sc_icons sc_icons_extra sc_icons_size_medium sc_align_right\"><div class=\"sc_icons_item\"><div id=\"sc_icons_837311194_icon-tree-1\" class=\"sc_icons_icon sc_icon_type_ icon-tree-1\"\n\t\t\t\t\t\t\t\t\t\t\t\t><span class=\"sc_icon_type_ icon-tree-1\"><\/span><\/div>\t\t\t<div class=\"sc_icons_extra_info\">\n\t\t\t\t <h4 class=\"sc_icons_item_title\"><span>Jungpflanzen Beet- und Balkon<\/span><\/h4><div class=\"sc_icons_item_description\"><span>Wir b\u00fcndeln sowohl unsere als auch die Kompetenz unserer Partner und beliefern unsere Kunden (Wiederverk\u00e4ufer) mit hochwertigen Jungpflanzen.<\/span><\/div>\t\t\t<\/div>\n\t\t<\/div><div class=\"sc_icons_item\"><div id=\"sc_icons_837311194_icon-grain\" class=\"sc_icons_icon sc_icon_type_ icon-grain\"\n\t\t\t\t\t\t\t\t\t\t\t\t><span class=\"sc_icon_type_ icon-grain\"><\/span><\/div>\t\t\t<div class=\"sc_icons_extra_info\">\n\t\t\t\t <h4 class=\"sc_icons_item_title\"><span>Gem\u00fcsejungpflanzen<\/span><\/h4><div class=\"sc_icons_item_description\"><span>Wir sind Vertriebspartner der L\u00fcske GbR f\u00fcr den Raum Norddeutschland<\/span><\/div>\t\t\t<\/div>\n\t\t<\/div><div class=\"sc_icons_item\"><div id=\"sc_icons_837311194_icon-sprout-1\" class=\"sc_icons_icon sc_icon_type_ icon-sprout-1\"\n\t\t\t\t\t\t\t\t\t\t\t\t><span class=\"sc_icon_type_ icon-sprout-1\"><\/span><\/div>\t\t\t<div class=\"sc_icons_extra_info\">\n\t\t\t\t <h4 class=\"sc_icons_item_title\"><span>Fuchsien<\/span><\/h4><div class=\"sc_icons_item_description\"><span>Unsere Expertise f\u00fcr den Anbau von Fuchsien ...<\/span><\/div>\t\t\t<\/div>\n\t\t<\/div><\/div><!-- \/.sc_icons -->[vc_empty_space height=&#8220;2.5em&#8220; alter_height=&#8220;none&#8220; hide_on_mobile=&#8220;&#8220;]<\/div><\/div><!-- \/.sc_content -->[\/vc_column][vc_column offset=&#8220;vc_col-lg-6 vc_col-xs-12&#8243;]<div id=\"sc_title_687185855\"\r\n\t\tclass=\"sc_title color_style_default sc_title_default\"><h3 class=\"sc_item_title sc_title_title sc_align_left sc_item_title_style_default\">Unser Sortiment<\/h3><\/div><!-- \/.sc_title -->[vc_wp_text title=&#8220;wir kultivieren f\u00fcr Sie&#8220;]<\/p>\n<h6><\/h6>\n<ul>\n<li>Fuchsien<\/li>\n<li>Dahlien<\/li>\n<li>gef\u00fcllte Primeln<\/li>\n<li>Stiefm\u00fctterchen<\/li>\n<li>Bellis<\/li>\n<li>Ranunkeln<\/li>\n<li>Chrysanthemen<\/li>\n<\/ul>\n<p>[\/vc_wp_text][vc_empty_space height=&#8220;2.8em&#8220; alter_height=&#8220;none&#8220; hide_on_mobile=&#8220;&#8220;][vc_empty_space height=&#8220;3.7em&#8220; alter_height=&#8220;none&#8220; hide_on_mobile=&#8220;1,3,2&#8243;][vc_empty_space height=&#8220;3.7em&#8220; alter_height=&#8220;none&#8220; hide_on_mobile=&#8220;1,3,2&#8243;][vc_empty_space height=&#8220;2.8em&#8220; alter_height=&#8220;none&#8220; hide_on_mobile=&#8220;1,3&#8243;][vc_single_image image=&#8220;184&#8243; img_size=&#8220;full&#8220; alignment=&#8220;center&#8220;][vc_empty_space height=&#8220;4.4em&#8220; alter_height=&#8220;none&#8220; hide_on_mobile=&#8220;&#8220;][vc_empty_space height=&#8220;4.4em&#8220; alter_height=&#8220;none&#8220; hide_on_mobile=&#8220;1,3,2&#8243;][\/vc_column][\/vc_row][vc_row][vc_column offset=&#8220;vc_col-lg-6 vc_col-xs-12&#8243;][\/vc_column][\/vc_row][vc_row][vc_column][vc_empty_space height=&#8220;2.65em&#8220; alter_height=&#8220;none&#8220; hide_on_mobile=&#8220;&#8220;][vc_empty_space height=&#8220;2.65em&#8220; alter_height=&#8220;none&#8220; hide_on_mobile=&#8220;1,3,2&#8243;][\/vc_column][\/vc_row]<\/p>\n<\/section>","protected":false},"excerpt":{"rendered":"<p>[vc_row][vc_column][vc_empty_space height=&#8220;4.35em&#8220; alter_height=&#8220;none&#8220; hide_on_mobile=&#8220;&#8220;][vc_empty_space height=&#8220;4.35em&#8220; alter_height=&#8220;none&#8220; hide_on_mobile=&#8220;1,3,2&#8243;][\/vc_column][\/vc_row][vc_row][vc_column offset=&#8220;vc_col-lg-6 vc_col-xs-12&#8243;][vc_single_image image=&#8220;206&#8243; img_size=&#8220;full&#8220; alignment=&#8220;center&#8220;][vc_empty_space height=&#8220;3.7em&#8220; alter_height=&#8220;none&#8220; hide_on_mobile=&#8220;&#8220;][vc_empty_space height=&#8220;3.7em&#8220; alter_height=&#8220;none&#8220; hide_on_mobile=&#8220;1,3,2&#8243;][\/vc_column][vc_column offset=&#8220;vc_col-lg-6 vc_col-xs-12&#8243;][vc_wp_text title=&#8220;wir kultivieren f\u00fcr Sie&#8220;] Fuchsien Dahlien gef\u00fcllte Primeln Stiefm\u00fctterchen Bellis&hellip;<\/p>\n","protected":false},"author":1,"featured_media":0,"parent":0,"menu_order":0,"comment_status":"closed","ping_status":"closed","template":"","meta":{"footnotes":""},"class_list":["post-46","page","type-page","status-publish","hentry"],"_links":{"self":[{"href":"https:\/\/kroeger-gartenbau.de\/index.php\/wp-json\/wp\/v2\/pages\/46","targetHints":{"allow":["GET"]}}],"collection":[{"href":"https:\/\/kroeger-gartenbau.de\/index.php\/wp-json\/wp\/v2\/pages"}],"about":[{"href":"https:\/\/kroeger-gartenbau.de\/index.php\/wp-json\/wp\/v2\/types\/page"}],"author":[{"embeddable":true,"href":"https:\/\/kroeger-gartenbau.de\/index.php\/wp-json\/wp\/v2\/users\/1"}],"replies":[{"embeddable":true,"href":"https:\/\/kroeger-gartenbau.de\/index.php\/wp-json\/wp\/v2\/comments?post=46"}],"version-history":[{"count":6,"href":"https:\/\/kroeger-gartenbau.de\/index.php\/wp-json\/wp\/v2\/pages\/46\/revisions"}],"predecessor-version":[{"id":358,"href":"https:\/\/kroeger-gartenbau.de\/index.php\/wp-json\/wp\/v2\/pages\/46\/revisions\/358"}],"wp:attachment":[{"href":"https:\/\/kroeger-gartenbau.de\/index.php\/wp-json\/wp\/v2\/media?parent=46"}],"curies":[{"name":"wp","href":"https:\/\/api.w.org\/{rel}","templated":true}]}}