{"id":47,"date":"2017-08-14T14:12:29","date_gmt":"2017-08-14T14:12:29","guid":{"rendered":"https:\/\/kroeger-gartenbau.de\/index.php\/our-team\/"},"modified":"2023-11-07T18:42:32","modified_gmt":"2023-11-07T18:42:32","slug":"ueberuns","status":"publish","type":"page","link":"https:\/\/kroeger-gartenbau.de\/index.php\/ueberuns\/","title":{"rendered":"\u00fcber uns"},"content":{"rendered":"<section class=\"wpb-content-wrapper\"><p>[vc_row][vc_column][vc_empty_space height=&#8220;4.4em&#8220; alter_height=&#8220;none&#8220; hide_on_mobile=&#8220;&#8220;][vc_empty_space height=&#8220;4.4em&#8220; alter_height=&#8220;none&#8220; hide_on_mobile=&#8220;1,3,2&#8243;][\/vc_column][\/vc_row][vc_row][vc_column offset=&#8220;vc_col-lg-6 vc_col-md-12 vc_col-xs-12&#8243;][vc_single_image image=&#8220;227&#8243; img_size=&#8220;full&#8220; alignment=&#8220;center&#8220;][vc_empty_space height=&#8220;2.5em&#8220; alter_height=&#8220;none&#8220; hide_on_mobile=&#8220;&#8220;][\/vc_column][vc_column offset=&#8220;vc_col-lg-6 vc_col-md-12 vc_col-xs-12&#8243;]<div id=\"sc_content_1873426803\"\r\n\t\tclass=\"sc_content color_style_default sc_content_default sc_content_width_70p sc_float_left sc_align_left\"><div class=\"sc_content_container\"><div id=\"sc_title_1483995429\"\r\n\t\tclass=\"sc_title color_style_default sc_title_default\"><h2 class=\"sc_item_title sc_title_title sc_align_left sc_item_title_style_default sc_item_title_tag\">vom Anfang<\/h2><\/div><!-- \/.sc_title -->[vc_empty_space height=&#8220;1.2em&#8220; alter_height=&#8220;none&#8220; hide_on_mobile=&#8220;&#8220;][vc_wp_text]<\/p>\n<ul>\n<li>1900 Betriebsgr\u00fcndung von Johann Kr\u00f6ger auf einer Fl\u00e4che von 1 ha ( Familienbetrieb)<br \/>\nKultiviert wurden Salat, Rhabarber, Erdbeeren und Maiblumen z.T. in Fr\u00fchbeetk\u00e4sten.<\/li>\n<li>1945-1950 Erbauung der ersten Gew\u00e4chsh\u00e4user mit einer Gesamtfl\u00e4che von 300 qm, teilweise heizbar.<br \/>\nBetriebsfl\u00e4chenvergr\u00f6\u00dferung durch Zupacht auf 2ha. Beginn mit der Produktion von Chrysanthemen.<\/li>\n<li>1960 Erbauung eines Rollgew\u00e4chshauses von 400 qm Fl\u00e4che.<\/li>\n<li>1968-1970 Umstellung von Koks-auf \u00d6lheizung.<br \/>\nIn diesem Zuge wurden zwei Gew\u00e4chsh\u00e4user mit einer Gesamtfl\u00e4che von 900 qm errichtet<\/li>\n<li>1973-1993 Betriebs\u00fcbernahme von Erich Kr\u00f6ger. Umstrukturierung der Produktionspalette. Es wurden jetzt ausschlie\u00dflich Zierpflanzen kultiviert. Spezialisierung auf Fuchsienvermehrung. Abriss von 300 qm alter Gew\u00e4chshausfl\u00e4che und Neubau von drei Gew\u00e4chsh\u00e4usern mit einer Gesamtfl\u00e4che von 800qm mit Betontischen zur Jungpflanzenanzucht.<\/li>\n<li>Kauf einer Topfmaschine. Beginn des Einbaues von Rolltischen mit Ebbe-Flutbew\u00e4sserung. In den ersten Gew\u00e4chsh\u00e4usern wird Assimilationsbeleuchtung installiert und ein Heizkessel wird eingebunden.<\/li>\n<\/ul>\n<p>[\/vc_wp_text][vc_empty_space height=&#8220;3.2em&#8220; alter_height=&#8220;none&#8220; hide_on_mobile=&#8220;&#8220;][vc_empty_space height=&#8220;4.1em&#8220; alter_height=&#8220;none&#8220; hide_on_mobile=&#8220;&#8220;][vc_empty_space height=&#8220;4.2em&#8220; alter_height=&#8220;none&#8220; hide_on_mobile=&#8220;1,3,2&#8243;]<\/div><\/div><!-- \/.sc_content -->[\/vc_column][\/vc_row][vc_row][vc_column offset=&#8220;vc_col-lg-6 vc_col-xs-12&#8243;]<div id=\"sc_content_984567181\"\r\n\t\tclass=\"sc_content color_style_default sc_content_default sc_content_width_80p sc_float_right sc_align_right custom_align_left\"><div class=\"sc_content_container\"><div id=\"sc_title_1967222263\"\r\n\t\tclass=\"sc_title color_style_default sc_title_default  vc_custom_1698161693524\"><h2 class=\"sc_item_title sc_title_title sc_align_right sc_item_title_style_default sc_item_title_tag\">Bis heute<\/h2><\/div><!-- \/.sc_title -->[vc_empty_space height=&#8220;1em&#8220; alter_height=&#8220;none&#8220; hide_on_mobile=&#8220;&#8220;][vc_column_text]<\/p>\n<div class=\"page_content_wrap scheme_default\">\n<div class=\"content_wrap\">\n<div class=\"content\">\n<article id=\"post-1717\" class=\"post_item_single post_type_page post-1717 page type-page status-publish hentry\">\n<div class=\"post_content entry-content\">\n<div class=\"vc_row wpb_row vc_row-fluid\">\n<div class=\"wpb_column vc_column_container vc_col-sm-6 sc_layouts_column_icons_position_left\">\n<div class=\"vc_column-inner \">\n<div class=\"wpb_wrapper\">\n<div id=\"sc_content_1470574137\" class=\"sc_content color_style_default color_style_default sc_content_default sc_content_width_80p sc_float_right sc_align_right custom_align_left\">\n<div class=\"sc_content_container\">\n<div class=\"wpb_text_column wpb_content_element \">\n<div class=\"wpb_wrapper\">\n<div class=\"page\" title=\"Page 1\">\n<div class=\"layoutArea\">\n<div class=\"column\">\n<ul>\n<li>1995 Betriebs\u00fcbernahme von Andreas Kr\u00f6ger (G\u00e4rtnermeister) Vergr\u00f6\u00dferung der Glasfl\u00e4che um 1450 qm mit Rolltischen, Ebbe-Flutbew\u00e4sserung. Betontische werden z. T. durch Rolltische mit Ebbe-Flutbew\u00e4sserung ersetzt. Die gesamten Gew\u00e4chsh\u00e4user werden jetzt auf Assimilationsbeleuchtung und CO2 Begasung umgestellt. Aufgrund der Produktionserweiterung werden Mitarbeiter eingestellt. Erweiterung der Produktionspalette im Bereich Beet-und Balkonpflanzen, Stauden und Gartenchrysanthemen. Beginn der Vermarktung direkt an Einzelhandelsg\u00e4rtnereien. Export im Bereich der Jungpflanzen nach Skandinavien.<\/li>\n<li>1996\u00a0 Bau eines Verbindungsgew\u00e4chshauses von 200 qm zur Nutzung als Packhalle, B\u00fcro- und Sozialr\u00e4ume.<\/li>\n<li>1998\u00a0 Der Fuhrpark wird erweitert. Durch Aufbau der Handelst\u00e4tigkeit mit G\u00e4rtnereien im Gebiet Vier- und Marschlande k\u00f6nnen nun alle Hauptkulturen im Beet- und Balkon-Pflanzen in beliebiger Art und Menge an regionale Einzelhandelsg\u00e4rtnereien geliefert werden.<\/li>\n<li>2000\u00a0 Umstellung von \u00d6l-auf Gasheizung.<\/li>\n<li>2000-2005\u00a0\u00a0 Direktvermarktung und Ausstellungen f\u00fcr Endverbraucher.<\/li>\n<li>2005-2010\u00a0\u00a0 Anschaffung einer gr\u00f6\u00dferen Topfmaschine mit Pflanzroboter. Installation eines Block-Heizkraftwerkes. Ausweitung der\u00a0 Freilandfl\u00e4chen zur Kultur von Herbstzauber, Garten-Chrysanthemen und Dahliencontainern.<\/li>\n<li>2012 \u00dcbernahme der Distribution von Syngenta FloriPro Services f\u00fcr den Gro\u00dfraum HH.<\/li>\n<li>2013 Gr\u00fcndungsmitglied der Interessengemeinschaft Vierl\u00e4nder Frische, Teilnahme an der IGS in Hamburg<\/li>\n<li>2015\u00a0 Ausweitung der Syngenta Distribution auf Norddeutschland ( HH , SH, MVP).<\/li>\n<li style=\"text-align: right;\">2017 Ausweitung der Syngenta Distribution auf gesamtes Niedersachsen.<\/li>\n<\/ul>\n<\/div>\n<\/div>\n<\/div>\n<\/div>\n<\/div>\n<\/div>\n<\/div>\n<\/div>\n<\/div>\n<\/div>\n<\/div>\n<\/div>\n<\/article>\n<\/div>\n<\/div>\n<\/div>\n<p>[\/vc_column_text][vc_empty_space height=&#8220;1em&#8220; alter_height=&#8220;none&#8220; hide_on_mobile=&#8220;&#8220;][vc_empty_space height=&#8220;2.3em&#8220; alter_height=&#8220;none&#8220; hide_on_mobile=&#8220;&#8220;][vc_empty_space height=&#8220;2.5em&#8220; alter_height=&#8220;none&#8220; hide_on_mobile=&#8220;&#8220;]<\/div><\/div><!-- \/.sc_content -->[\/vc_column][vc_column offset=&#8220;vc_col-lg-6 vc_col-xs-12&#8243;][vc_empty_space height=&#8220;4.4em&#8220; alter_height=&#8220;none&#8220; hide_on_mobile=&#8220;&#8220;][vc_single_image image=&#8220;219&#8243; img_size=&#8220;full&#8220;][vc_empty_space height=&#8220;4.4em&#8220; alter_height=&#8220;none&#8220; hide_on_mobile=&#8220;1,3,2&#8243;][\/vc_column][\/vc_row][vc_row][vc_column offset=&#8220;vc_col-lg-6 vc_col-xs-12&#8243;][\/vc_column][\/vc_row][vc_row][vc_column][vc_empty_space height=&#8220;2.85em&#8220; alter_height=&#8220;none&#8220; hide_on_mobile=&#8220;&#8220;][vc_empty_space height=&#8220;2.85em&#8220; alter_height=&#8220;none&#8220; hide_on_mobile=&#8220;1,3,2&#8243;][\/vc_column][\/vc_row]<\/p>\n<\/section>","protected":false},"excerpt":{"rendered":"<p>[vc_row][vc_column][vc_empty_space height=&#8220;4.4em&#8220; alter_height=&#8220;none&#8220; hide_on_mobile=&#8220;&#8220;][vc_empty_space height=&#8220;4.4em&#8220; alter_height=&#8220;none&#8220; hide_on_mobile=&#8220;1,3,2&#8243;][\/vc_column][\/vc_row][vc_row][vc_column offset=&#8220;vc_col-lg-6 vc_col-md-12 vc_col-xs-12&#8243;][vc_single_image image=&#8220;227&#8243; img_size=&#8220;full&#8220; alignment=&#8220;center&#8220;][vc_empty_space height=&#8220;2.5em&#8220; alter_height=&#8220;none&#8220; hide_on_mobile=&#8220;&#8220;][\/vc_column][vc_column offset=&#8220;vc_col-lg-6 vc_col-md-12 vc_col-xs-12&#8243;][\/vc_column][\/vc_row][vc_row][vc_column offset=&#8220;vc_col-lg-6 vc_col-xs-12&#8243;][\/vc_column][vc_column offset=&#8220;vc_col-lg-6 vc_col-xs-12&#8243;][vc_empty_space height=&#8220;4.4em&#8220; alter_height=&#8220;none&#8220; hide_on_mobile=&#8220;&#8220;][vc_single_image image=&#8220;219&#8243; img_size=&#8220;full&#8220;][vc_empty_space height=&#8220;4.4em&#8220; alter_height=&#8220;none&#8220;&hellip;<\/p>\n","protected":false},"author":1,"featured_media":0,"parent":0,"menu_order":0,"comment_status":"closed","ping_status":"closed","template":"","meta":{"footnotes":""},"class_list":["post-47","page","type-page","status-publish","hentry"],"_links":{"self":[{"href":"https:\/\/kroeger-gartenbau.de\/index.php\/wp-json\/wp\/v2\/pages\/47","targetHints":{"allow":["GET"]}}],"collection":[{"href":"https:\/\/kroeger-gartenbau.de\/index.php\/wp-json\/wp\/v2\/pages"}],"about":[{"href":"https:\/\/kroeger-gartenbau.de\/index.php\/wp-json\/wp\/v2\/types\/page"}],"author":[{"embeddable":true,"href":"https:\/\/kroeger-gartenbau.de\/index.php\/wp-json\/wp\/v2\/users\/1"}],"replies":[{"embeddable":true,"href":"https:\/\/kroeger-gartenbau.de\/index.php\/wp-json\/wp\/v2\/comments?post=47"}],"version-history":[{"count":14,"href":"https:\/\/kroeger-gartenbau.de\/index.php\/wp-json\/wp\/v2\/pages\/47\/revisions"}],"predecessor-version":[{"id":357,"href":"https:\/\/kroeger-gartenbau.de\/index.php\/wp-json\/wp\/v2\/pages\/47\/revisions\/357"}],"wp:attachment":[{"href":"https:\/\/kroeger-gartenbau.de\/index.php\/wp-json\/wp\/v2\/media?parent=47"}],"curies":[{"name":"wp","href":"https:\/\/api.w.org\/{rel}","templated":true}]}}